{"id":153,"date":"2016-04-18T11:25:51","date_gmt":"2016-04-18T09:25:51","guid":{"rendered":"http:\/\/www.fibf.de\/wordpress\/?page_id=153"},"modified":"2018-06-01T16:38:15","modified_gmt":"2018-06-01T14:38:15","slug":"kontakt","status":"publish","type":"page","link":"https:\/\/www.fibf.de\/wordpress\/kontakt\/","title":{"rendered":"Kontakt"},"content":{"rendered":"<div class=\"wpb-content-wrapper\">[vc_row][vc_column width=&#8220;1\/2&#8243;]<div class=\"vcex-spacing wpex-w-100 wpex-clear\" style=\"height:20px;\"><\/div><style>.vcex-heading.vcex_69e630ddef770{font-size:18px;}<\/style><div class=\"vcex-heading vcex-heading-plain vcex-module wpex-heading wpex-text-2xl vcex_69e630ddef770\"><span class=\"vcex-heading-inner wpex-inline-block\"><span class=\"vcex-heading-icon vcex-heading-icon-left vcex-icon-wrap wpex-mr-10\"><span class=\"wpex-icon\" aria-hidden=\"true\"><svg xmlns=\"http:\/\/www.w3.org\/2000\/svg\" viewBox=\"0 0 512 512\"><path d=\"M168.2 384.9c-15-5.4-31.7-3.1-44.6 6.4c-8.2 6-22.3 14.8-39.4 22.7c5.6-14.7 9.9-31.3 11.3-49.4c1-12.9-3.3-25.7-11.8-35.5C60.4 302.8 48 272 48 240c0-79.5 83.3-160 208-160s208 80.5 208 160s-83.3 160-208 160c-31.6 0-61.3-5.5-87.8-15.1zM26.3 423.8c-1.6 2.7-3.3 5.4-5.1 8.1l-.3 .5c-1.6 2.3-3.2 4.6-4.8 6.9c-3.5 4.7-7.3 9.3-11.3 13.5c-4.6 4.6-5.9 11.4-3.4 17.4c2.5 6 8.3 9.9 14.8 9.9c5.1 0 10.2-.3 15.3-.8l.7-.1c4.4-.5 8.8-1.1 13.2-1.9c.8-.1 1.6-.3 2.4-.5c17.8-3.5 34.9-9.5 50.1-16.1c22.9-10 42.4-21.9 54.3-30.6c31.8 11.5 67 17.9 104.1 17.9c141.4 0 256-93.1 256-208S397.4 32 256 32S0 125.1 0 240c0 45.1 17.7 86.8 47.7 120.9c-1.9 24.5-11.4 46.3-21.4 62.9zM144 272a32 32 0 1 0 0-64 32 32 0 1 0 0 64zm144-32a32 32 0 1 0 -64 0 32 32 0 1 0 64 0zm80 32a32 32 0 1 0 0-64 32 32 0 1 0 0 64z\"\/><\/svg><\/span><\/span>WIR SIND STETS F\u00dcR SIE DA<\/span><\/div><div class=\"vcex-spacing wpex-w-100 wpex-clear\"><\/div>[vc_column_text]<span style=\"font-size: 18px;\"><strong>Per Brief<br \/>\n<\/strong><\/span>[\/vc_column_text]<div class=\"vcex-spacing wpex-w-100 wpex-clear\" style=\"height:20px;\"><\/div>[vc_column_text]<span  style=\"color:#1c1c1b;\" class=\"wpex-icon\" aria-hidden=\"true\"><svg xmlns=\"http:\/\/www.w3.org\/2000\/svg\" viewBox=\"0 0 30 32\"><path d=\"M25.143 17.714v8.571q0 0.464-0.339 0.804t-0.804 0.339h-6.857v-6.857h-4.571v6.857h-6.857q-0.464 0-0.804-0.339t-0.339-0.804v-8.571q0-0.018 0.009-0.054t0.009-0.054l10.268-8.464 10.268 8.464q0.018 0.036 0.018 0.107zM29.125 16.482l-1.107 1.321q-0.143 0.161-0.375 0.196h-0.054q-0.232 0-0.375-0.125l-12.357-10.304-12.357 10.304q-0.214 0.143-0.429 0.125-0.232-0.036-0.375-0.196l-1.107-1.321q-0.143-0.179-0.125-0.42t0.196-0.384l12.839-10.696q0.571-0.464 1.357-0.464t1.357 0.464l4.357 3.643v-3.482q0-0.25 0.161-0.411t0.411-0.161h3.429q0.25 0 0.411 0.161t0.161 0.411v7.286l3.911 3.25q0.179 0.143 0.196 0.384t-0.125 0.42z\"><\/path><\/svg><\/span>\n<p><strong>FiBF GmbH<\/strong><br \/>\nSch\u00fctzenstra\u00dfe 8<br \/>\n86698 Oberndorf am Lech[\/vc_column_text][\/vc_column][vc_column width=&#8220;1\/2&#8243;]<div class=\"vcex-spacing wpex-w-100 wpex-clear\" style=\"height:20px;\"><\/div><style>.vcex-heading.vcex_69e630ddf1af3{color:#ffffff;font-size:18px;}<\/style><div class=\"vcex-heading vcex-heading-plain vcex-module wpex-heading wpex-text-2xl vcex_69e630ddf1af3\"><span class=\"vcex-heading-inner wpex-inline-block\">WIR SIND STETS F\u00dcR SIE DA<\/span><\/div><div class=\"vcex-spacing wpex-w-100 wpex-clear\"><\/div>[vc_column_text]<span style=\"font-size: 18px;\"><strong>Mobil, Telefon oder Fax<\/strong><\/span>[\/vc_column_text]<div class=\"vcex-spacing wpex-w-100 wpex-clear\" style=\"height:20px;\"><\/div>[vc_column_text]\n<table border=\"0\" width=\"100%\">\n<tbody>\n<tr>\n<td width=\"5%\"><span  style=\"color:#1c1c1b;\" class=\"wpex-icon\" aria-hidden=\"true\"><svg xmlns=\"http:\/\/www.w3.org\/2000\/svg\" viewBox=\"0 0 384 512\"><path d=\"M16 64C16 28.7 44.7 0 80 0H304c35.3 0 64 28.7 64 64V448c0 35.3-28.7 64-64 64H80c-35.3 0-64-28.7-64-64V64zM144 448c0 8.8 7.2 16 16 16h64c8.8 0 16-7.2 16-16s-7.2-16-16-16H160c-8.8 0-16 7.2-16 16zM304 64H80V384H304V64z\"\/><\/svg><\/span><\/td>\n<td width=\"95%\">+49 163 456 715 9<\/td>\n<\/tr>\n<tr>\n<td><span  style=\"color:#1c1c1b;\" class=\"wpex-icon\" aria-hidden=\"true\"><svg xmlns=\"http:\/\/www.w3.org\/2000\/svg\" viewBox=\"0 0 512 512\"><path d=\"M164.9 24.6c-7.7-18.6-28-28.5-47.4-23.2l-88 24C12.1 30.2 0 46 0 64C0 311.4 200.6 512 448 512c18 0 33.8-12.1 38.6-29.5l24-88c5.3-19.4-4.6-39.7-23.2-47.4l-96-40c-16.3-6.8-35.2-2.1-46.3 11.6L304.7 368C234.3 334.7 177.3 277.7 144 207.3L193.3 167c13.7-11.2 18.4-30 11.6-46.3l-40-96z\"\/><\/svg><\/span><\/td>\n<td>+49 9090 962 467 0<\/td>\n<\/tr>\n<tr>\n<td><span  style=\"color:#1c1c1b;\" class=\"wpex-icon\" aria-hidden=\"true\"><svg xmlns=\"http:\/\/www.w3.org\/2000\/svg\" viewBox=\"0 0 512 512\"><path d=\"M128 64v96h64V64H386.7L416 93.3V160h64V93.3c0-17-6.7-33.3-18.7-45.3L432 18.7C420 6.7 403.7 0 386.7 0H192c-35.3 0-64 28.7-64 64zM0 160V480c0 17.7 14.3 32 32 32H64c17.7 0 32-14.3 32-32V160c0-17.7-14.3-32-32-32H32c-17.7 0-32 14.3-32 32zm480 32H128V480c0 17.7 14.3 32 32 32H480c17.7 0 32-14.3 32-32V224c0-17.7-14.3-32-32-32zM256 256a32 32 0 1 1 0 64 32 32 0 1 1 0-64zm96 32a32 32 0 1 1 64 0 32 32 0 1 1 -64 0zm32 96a32 32 0 1 1 0 64 32 32 0 1 1 0-64zM224 416a32 32 0 1 1 64 0 32 32 0 1 1 -64 0z\"\/><\/svg><\/span><\/td>\n<td>+49 9090 962 467 3<\/td>\n<\/tr>\n<\/tbody>\n<\/table>\n[\/vc_column_text][\/vc_column][\/vc_row][vc_row][vc_column]<div class=\"vcex-spacing wpex-w-100 wpex-clear\" style=\"height:20px;\"><\/div>[vc_column_text]<span style=\"font-size: 18px;\"><strong>Oder Sie schreiben uns einfach \u00fcber das Kontaktformular<\/strong><\/span>[\/vc_column_text]<div class=\"vcex-spacing wpex-w-100 wpex-clear\" style=\"height:20px;\"><\/div>\n<div class=\"wpcf7 no-js\" id=\"wpcf7-f27-o1\" lang=\"de-DE\" dir=\"ltr\" data-wpcf7-id=\"27\">\n<div class=\"screen-reader-response\"><p role=\"status\" aria-live=\"polite\" aria-atomic=\"true\"><\/p> <ul><\/ul><\/div>\n<form action=\"\/wordpress\/wp-json\/wp\/v2\/pages\/153#wpcf7-f27-o1\" method=\"post\" class=\"wpcf7-form init wpcf7-acceptance-as-validation\" aria-label=\"Kontaktformular\" novalidate=\"novalidate\" data-status=\"init\">\n<fieldset class=\"hidden-fields-container\"><input type=\"hidden\" name=\"_wpcf7\" value=\"27\" \/><input type=\"hidden\" name=\"_wpcf7_version\" value=\"6.1.5\" \/><input type=\"hidden\" name=\"_wpcf7_locale\" value=\"de_DE\" \/><input type=\"hidden\" name=\"_wpcf7_unit_tag\" value=\"wpcf7-f27-o1\" \/><input type=\"hidden\" name=\"_wpcf7_container_post\" value=\"0\" \/><input type=\"hidden\" name=\"_wpcf7_posted_data_hash\" value=\"\" \/>\n<\/fieldset>\n<p>Ihr Name (Pflichtfeld)\n<\/p>\n<p><span class=\"wpcf7-form-control-wrap\" data-name=\"your-name\"><input size=\"40\" maxlength=\"400\" class=\"wpcf7-form-control wpcf7-text wpcf7-validates-as-required\" aria-required=\"true\" aria-invalid=\"false\" value=\"\" type=\"text\" name=\"your-name\" \/><\/span>\n<\/p>\n<p>Ihre E-Mail-Adresse (Pflichtfeld)\n<\/p>\n<p><span class=\"wpcf7-form-control-wrap\" data-name=\"your-email\"><input size=\"40\" maxlength=\"400\" class=\"wpcf7-form-control wpcf7-email wpcf7-validates-as-required wpcf7-text wpcf7-validates-as-email\" aria-required=\"true\" aria-invalid=\"false\" value=\"\" type=\"email\" name=\"your-email\" \/><\/span>\n<\/p>\n<p>Ihre Telefonnummer (Optional)<br \/>\nOhne Binde- oder Schr\u00e4gstriche\n<\/p>\n<p><span class=\"wpcf7-form-control-wrap\" data-name=\"tel-837\"><input size=\"40\" maxlength=\"400\" class=\"wpcf7-form-control wpcf7-tel wpcf7-text wpcf7-validates-as-tel\" aria-invalid=\"false\" value=\"\" type=\"tel\" name=\"tel-837\" \/><\/span>\n<\/p>\n<p>Betreff (Pflichtfeld)\n<\/p>\n<p><span class=\"wpcf7-form-control-wrap\" data-name=\"your-subject\"><input size=\"40\" maxlength=\"400\" class=\"wpcf7-form-control wpcf7-text wpcf7-validates-as-required\" aria-required=\"true\" aria-invalid=\"false\" value=\"\" type=\"text\" name=\"your-subject\" \/><\/span>\n<\/p>\n<p>Ihre Nachricht (Pflichtfeld)\n<\/p>\n<p><span class=\"wpcf7-form-control-wrap\" data-name=\"your-message\"><textarea cols=\"40\" rows=\"10\" maxlength=\"2000\" class=\"wpcf7-form-control wpcf7-textarea wpcf7-validates-as-required\" aria-required=\"true\" aria-invalid=\"false\" name=\"your-message\"><\/textarea><\/span>\n<\/p>\n<p><span id=\"wpcf7-69e630de00a2a-wrapper\" class=\"wpcf7-form-control-wrap webmail_fibf_schutz-wrap\" style=\"display:none !important; visibility:hidden !important;\"><label for=\"wpcf7-69e630de00a2a-field\" class=\"hp-message\">Bitte lasse dieses Feld leer.<\/label><input id=\"wpcf7-69e630de00a2a-field\"  class=\"wpcf7-form-control wpcf7-text\" type=\"text\" name=\"webmail_fibf_schutz\" value=\"\" size=\"40\" tabindex=\"-1\" autocomplete=\"new-password\" \/><\/span>\n<\/p>\n<p><span class=\"wpcf7-form-control-wrap\" data-name=\"random-math-quiz\"><label><span class=\"wpcf7-quiz-label\">Spamschutz: Wieviel ist zehn minus zwei? (Bitte Zahl eingeben)<\/span> <input size=\"40\" class=\"wpcf7-form-control wpcf7-quiz\" autocomplete=\"off\" aria-required=\"true\" aria-invalid=\"false\" type=\"text\" name=\"random-math-quiz\" \/><\/label><input type=\"hidden\" name=\"_wpcf7_quiz_answer_random-math-quiz\" value=\"8c955aef68ed7c61bf6593ec56296469\" \/><\/span>\n<\/p>\n<p><span class=\"wpcf7-form-control-wrap\" data-name=\"Einwilligungsfeld\"><span class=\"wpcf7-form-control wpcf7-acceptance\"><span class=\"wpcf7-list-item\"><label><input type=\"checkbox\" name=\"Einwilligungsfeld\" value=\"1\" aria-invalid=\"false\" \/><span class=\"wpcf7-list-item-label\"><strong><em>Ich willige ein, dass meine Angaben zur Kontaktaufnahme und Zuordnung f\u00fcr R\u00fcckfragen eventuell dauerhaft gespeichert werden. Bitte beachten Sie vor dem Absenden die Datenschutzerkl\u00e4rung. Ihre Daten sind bei uns sicher. Es erfolgt keine Weitergabe an Dritte. Hinweis: Diese Einwilligung k\u00f6nnen Sie jederzeit mit Wirkung f\u00fcr die Zukunft widerrufen. Senden Sie uns hierzu Ihren Widerruf per Brief, Fax oder Webformular.<\/em><\/strong><\/span><\/label><\/span><\/span><\/span>\n<\/p>\n<p><input class=\"wpcf7-form-control wpcf7-submit has-spinner\" type=\"submit\" value=\"Senden\" \/>\n<\/p><div class=\"wpcf7-response-output\" aria-hidden=\"true\"><\/div>\n<\/form>\n<\/div>\n[\/vc_column][\/vc_row]\n<\/div>","protected":false},"excerpt":{"rendered":"<p>[vc_row][vc_column width=&#8220;1\/2&#8243;][vc_column_text]Per Brief [\/vc_column_text][vc_column_text] FiBF GmbH Sch\u00fctzenstra\u00dfe 8 86698 Oberndorf am Lech[\/vc_column_text][\/vc_column][vc_column width=&#8220;1\/2&#8243;][vc_column_text]Mobil, Telefon oder Fax[\/vc_column_text][vc_column_text] +49 163 456 715 9 +49 9090 962 467 0 +49 9090 962 467 3 [\/vc_column_text][\/vc_column][\/vc_row][vc_row][vc_column][vc_column_text]Oder Sie schreiben uns einfach \u00fcber das Kontaktformular[\/vc_column_text][\/vc_column][\/vc_row]<\/p>\n","protected":false},"author":2,"featured_media":0,"parent":0,"menu_order":0,"comment_status":"closed","ping_status":"closed","template":"","meta":{"footnotes":""},"class_list":["post-153","page","type-page","status-publish","hentry","entry","no-media"],"yoast_head":"<!-- This site is optimized with the Yoast SEO plugin v27.4 - https:\/\/yoast.com\/product\/yoast-seo-wordpress\/ -->\n<title>Kontakt - FiBF GmbH<\/title>\n<meta name=\"robots\" content=\"index, follow, max-snippet:-1, max-image-preview:large, max-video-preview:-1\" \/>\n<link rel=\"canonical\" href=\"https:\/\/www.fibf.de\/wordpress\/kontakt\/\" \/>\n<meta property=\"og:locale\" content=\"de_DE\" \/>\n<meta property=\"og:type\" content=\"article\" \/>\n<meta property=\"og:title\" content=\"Kontakt - FiBF GmbH\" \/>\n<meta property=\"og:description\" content=\"[vc_row][vc_column width=&#8220;1\/2&#8243;][vc_column_text]Per Brief [\/vc_column_text][vc_column_text] FiBF GmbH Sch\u00fctzenstra\u00dfe 8 86698 Oberndorf am Lech[\/vc_column_text][\/vc_column][vc_column width=&#8220;1\/2&#8243;][vc_column_text]Mobil, Telefon oder Fax[\/vc_column_text][vc_column_text] +49 163 456 715 9 +49 9090 962 467 0 +49 9090 962 467 3 [\/vc_column_text][\/vc_column][\/vc_row][vc_row][vc_column][vc_column_text]Oder Sie schreiben uns einfach \u00fcber das Kontaktformular[\/vc_column_text][\/vc_column][\/vc_row]\" \/>\n<meta property=\"og:url\" content=\"https:\/\/www.fibf.de\/wordpress\/kontakt\/\" \/>\n<meta property=\"og:site_name\" content=\"FiBF GmbH\" \/>\n<meta property=\"article:modified_time\" content=\"2018-06-01T14:38:15+00:00\" \/>\n<meta name=\"twitter:card\" content=\"summary_large_image\" \/>\n<meta name=\"twitter:label1\" content=\"Gesch\u00e4tzte Lesezeit\" \/>\n\t<meta name=\"twitter:data1\" content=\"1\u00a0Minute\" \/>\n<script type=\"application\/ld+json\" class=\"yoast-schema-graph\">{\"@context\":\"https:\\\/\\\/schema.org\",\"@graph\":[{\"@type\":\"WebPage\",\"@id\":\"https:\\\/\\\/www.fibf.de\\\/wordpress\\\/kontakt\\\/\",\"url\":\"https:\\\/\\\/www.fibf.de\\\/wordpress\\\/kontakt\\\/\",\"name\":\"Kontakt - FiBF GmbH\",\"isPartOf\":{\"@id\":\"https:\\\/\\\/www.fibf.de\\\/wordpress\\\/#website\"},\"datePublished\":\"2016-04-18T09:25:51+00:00\",\"dateModified\":\"2018-06-01T14:38:15+00:00\",\"breadcrumb\":{\"@id\":\"https:\\\/\\\/www.fibf.de\\\/wordpress\\\/kontakt\\\/#breadcrumb\"},\"inLanguage\":\"de\",\"potentialAction\":[{\"@type\":\"ReadAction\",\"target\":[\"https:\\\/\\\/www.fibf.de\\\/wordpress\\\/kontakt\\\/\"]}]},{\"@type\":\"BreadcrumbList\",\"@id\":\"https:\\\/\\\/www.fibf.de\\\/wordpress\\\/kontakt\\\/#breadcrumb\",\"itemListElement\":[{\"@type\":\"ListItem\",\"position\":1,\"name\":\"Startseite\",\"item\":\"https:\\\/\\\/www.fibf.de\\\/wordpress\\\/\"},{\"@type\":\"ListItem\",\"position\":2,\"name\":\"Kontakt\"}]},{\"@type\":\"WebSite\",\"@id\":\"https:\\\/\\\/www.fibf.de\\\/wordpress\\\/#website\",\"url\":\"https:\\\/\\\/www.fibf.de\\\/wordpress\\\/\",\"name\":\"FiBF GmbH\",\"description\":\"Ihr kompetenter Buchhaltungs- und Finanzservice*.\",\"publisher\":{\"@id\":\"https:\\\/\\\/www.fibf.de\\\/wordpress\\\/#organization\"},\"potentialAction\":[{\"@type\":\"SearchAction\",\"target\":{\"@type\":\"EntryPoint\",\"urlTemplate\":\"https:\\\/\\\/www.fibf.de\\\/wordpress\\\/?s={search_term_string}\"},\"query-input\":{\"@type\":\"PropertyValueSpecification\",\"valueRequired\":true,\"valueName\":\"search_term_string\"}}],\"inLanguage\":\"de\"},{\"@type\":\"Organization\",\"@id\":\"https:\\\/\\\/www.fibf.de\\\/wordpress\\\/#organization\",\"name\":\"FiBF GmbH\",\"url\":\"https:\\\/\\\/www.fibf.de\\\/wordpress\\\/\",\"logo\":{\"@type\":\"ImageObject\",\"inLanguage\":\"de\",\"@id\":\"https:\\\/\\\/www.fibf.de\\\/wordpress\\\/#\\\/schema\\\/logo\\\/image\\\/\",\"url\":\"https:\\\/\\\/www.fibf.de\\\/wordpress\\\/wp-content\\\/uploads\\\/2018\\\/05\\\/Logo-FiBF-GmbH_150.png\",\"contentUrl\":\"https:\\\/\\\/www.fibf.de\\\/wordpress\\\/wp-content\\\/uploads\\\/2018\\\/05\\\/Logo-FiBF-GmbH_150.png\",\"width\":240,\"height\":150,\"caption\":\"FiBF GmbH\"},\"image\":{\"@id\":\"https:\\\/\\\/www.fibf.de\\\/wordpress\\\/#\\\/schema\\\/logo\\\/image\\\/\"}}]}<\/script>\n<!-- \/ Yoast SEO plugin. -->","yoast_head_json":{"title":"Kontakt - FiBF GmbH","robots":{"index":"index","follow":"follow","max-snippet":"max-snippet:-1","max-image-preview":"max-image-preview:large","max-video-preview":"max-video-preview:-1"},"canonical":"https:\/\/www.fibf.de\/wordpress\/kontakt\/","og_locale":"de_DE","og_type":"article","og_title":"Kontakt - FiBF GmbH","og_description":"[vc_row][vc_column width=&#8220;1\/2&#8243;][vc_column_text]Per Brief [\/vc_column_text][vc_column_text] FiBF GmbH Sch\u00fctzenstra\u00dfe 8 86698 Oberndorf am Lech[\/vc_column_text][\/vc_column][vc_column width=&#8220;1\/2&#8243;][vc_column_text]Mobil, Telefon oder Fax[\/vc_column_text][vc_column_text] +49 163 456 715 9 +49 9090 962 467 0 +49 9090 962 467 3 [\/vc_column_text][\/vc_column][\/vc_row][vc_row][vc_column][vc_column_text]Oder Sie schreiben uns einfach \u00fcber das Kontaktformular[\/vc_column_text][\/vc_column][\/vc_row]","og_url":"https:\/\/www.fibf.de\/wordpress\/kontakt\/","og_site_name":"FiBF GmbH","article_modified_time":"2018-06-01T14:38:15+00:00","twitter_card":"summary_large_image","twitter_misc":{"Gesch\u00e4tzte Lesezeit":"1\u00a0Minute"},"schema":{"@context":"https:\/\/schema.org","@graph":[{"@type":"WebPage","@id":"https:\/\/www.fibf.de\/wordpress\/kontakt\/","url":"https:\/\/www.fibf.de\/wordpress\/kontakt\/","name":"Kontakt - FiBF GmbH","isPartOf":{"@id":"https:\/\/www.fibf.de\/wordpress\/#website"},"datePublished":"2016-04-18T09:25:51+00:00","dateModified":"2018-06-01T14:38:15+00:00","breadcrumb":{"@id":"https:\/\/www.fibf.de\/wordpress\/kontakt\/#breadcrumb"},"inLanguage":"de","potentialAction":[{"@type":"ReadAction","target":["https:\/\/www.fibf.de\/wordpress\/kontakt\/"]}]},{"@type":"BreadcrumbList","@id":"https:\/\/www.fibf.de\/wordpress\/kontakt\/#breadcrumb","itemListElement":[{"@type":"ListItem","position":1,"name":"Startseite","item":"https:\/\/www.fibf.de\/wordpress\/"},{"@type":"ListItem","position":2,"name":"Kontakt"}]},{"@type":"WebSite","@id":"https:\/\/www.fibf.de\/wordpress\/#website","url":"https:\/\/www.fibf.de\/wordpress\/","name":"FiBF GmbH","description":"Ihr kompetenter Buchhaltungs- und Finanzservice*.","publisher":{"@id":"https:\/\/www.fibf.de\/wordpress\/#organization"},"potentialAction":[{"@type":"SearchAction","target":{"@type":"EntryPoint","urlTemplate":"https:\/\/www.fibf.de\/wordpress\/?s={search_term_string}"},"query-input":{"@type":"PropertyValueSpecification","valueRequired":true,"valueName":"search_term_string"}}],"inLanguage":"de"},{"@type":"Organization","@id":"https:\/\/www.fibf.de\/wordpress\/#organization","name":"FiBF GmbH","url":"https:\/\/www.fibf.de\/wordpress\/","logo":{"@type":"ImageObject","inLanguage":"de","@id":"https:\/\/www.fibf.de\/wordpress\/#\/schema\/logo\/image\/","url":"https:\/\/www.fibf.de\/wordpress\/wp-content\/uploads\/2018\/05\/Logo-FiBF-GmbH_150.png","contentUrl":"https:\/\/www.fibf.de\/wordpress\/wp-content\/uploads\/2018\/05\/Logo-FiBF-GmbH_150.png","width":240,"height":150,"caption":"FiBF GmbH"},"image":{"@id":"https:\/\/www.fibf.de\/wordpress\/#\/schema\/logo\/image\/"}}]}},"_links":{"self":[{"href":"https:\/\/www.fibf.de\/wordpress\/wp-json\/wp\/v2\/pages\/153","targetHints":{"allow":["GET"]}}],"collection":[{"href":"https:\/\/www.fibf.de\/wordpress\/wp-json\/wp\/v2\/pages"}],"about":[{"href":"https:\/\/www.fibf.de\/wordpress\/wp-json\/wp\/v2\/types\/page"}],"author":[{"embeddable":true,"href":"https:\/\/www.fibf.de\/wordpress\/wp-json\/wp\/v2\/users\/2"}],"replies":[{"embeddable":true,"href":"https:\/\/www.fibf.de\/wordpress\/wp-json\/wp\/v2\/comments?post=153"}],"version-history":[{"count":56,"href":"https:\/\/www.fibf.de\/wordpress\/wp-json\/wp\/v2\/pages\/153\/revisions"}],"predecessor-version":[{"id":643,"href":"https:\/\/www.fibf.de\/wordpress\/wp-json\/wp\/v2\/pages\/153\/revisions\/643"}],"wp:attachment":[{"href":"https:\/\/www.fibf.de\/wordpress\/wp-json\/wp\/v2\/media?parent=153"}],"curies":[{"name":"wp","href":"https:\/\/api.w.org\/{rel}","templated":true}]}}