{"id":40,"date":"2016-04-16T14:00:24","date_gmt":"2016-04-16T12:00:24","guid":{"rendered":"http:\/\/www.fibf.de\/wordpress\/?page_id=40"},"modified":"2018-06-01T16:11:10","modified_gmt":"2018-06-01T14:11:10","slug":"vorteile","status":"publish","type":"page","link":"https:\/\/www.fibf.de\/wordpress\/vorteile\/","title":{"rendered":"Vorteile"},"content":{"rendered":"<div class=\"wpb-content-wrapper\">[vc_row][vc_column]<div class=\"vcex-spacing wpex-w-100 wpex-clear\" style=\"height:20px;\"><\/div><style>.vcex-heading.vcex_69e616ba6460e{font-size:18px;}<\/style><div class=\"vcex-heading vcex-heading-plain vcex-module wpex-heading wpex-text-2xl vcex_69e616ba6460e\"><span class=\"vcex-heading-inner wpex-inline-block\"><span class=\"vcex-heading-icon vcex-heading-icon-left vcex-icon-wrap wpex-mr-10\"><span class=\"wpex-icon\" aria-hidden=\"true\"><svg xmlns=\"http:\/\/www.w3.org\/2000\/svg\" viewBox=\"0 0 512 512\"><path d=\"M323.8 34.8c-38.2-10.9-78.1 11.2-89 49.4l-5.7 20c-3.7 13-10.4 25-19.5 35l-51.3 56.4c-8.9 9.8-8.2 25 1.6 33.9s25 8.2 33.9-1.6l51.3-56.4c14.1-15.5 24.4-34 30.1-54.1l5.7-20c3.6-12.7 16.9-20.1 29.7-16.5s20.1 16.9 16.5 29.7l-5.7 20c-5.7 19.9-14.7 38.7-26.6 55.5c-5.2 7.3-5.8 16.9-1.7 24.9s12.3 13 21.3 13L448 224c8.8 0 16 7.2 16 16c0 6.8-4.3 12.7-10.4 15c-7.4 2.8-13 9-14.9 16.7s.1 15.8 5.3 21.7c2.5 2.8 4 6.5 4 10.6c0 7.8-5.6 14.3-13 15.7c-8.2 1.6-15.1 7.3-18 15.2s-1.6 16.7 3.6 23.3c2.1 2.7 3.4 6.1 3.4 9.9c0 6.7-4.2 12.6-10.2 14.9c-11.5 4.5-17.7 16.9-14.4 28.8c.4 1.3 .6 2.8 .6 4.3c0 8.8-7.2 16-16 16H286.5c-12.6 0-25-3.7-35.5-10.7l-61.7-41.1c-11-7.4-25.9-4.4-33.3 6.7s-4.4 25.9 6.7 33.3l61.7 41.1c18.4 12.3 40 18.8 62.1 18.8H384c34.7 0 62.9-27.6 64-62c14.6-11.7 24-29.7 24-50c0-4.5-.5-8.8-1.3-13c15.4-11.7 25.3-30.2 25.3-51c0-6.5-1-12.8-2.8-18.7C504.8 273.7 512 257.7 512 240c0-35.3-28.6-64-64-64l-92.3 0c4.7-10.4 8.7-21.2 11.8-32.2l5.7-20c10.9-38.2-11.2-78.1-49.4-89zM32 192c-17.7 0-32 14.3-32 32V448c0 17.7 14.3 32 32 32H96c17.7 0 32-14.3 32-32V224c0-17.7-14.3-32-32-32H32z\"\/><\/svg><\/span><\/span>IHRE VORTEILE<\/span><\/div><div class=\"vcex-spacing wpex-w-100 wpex-clear\" style=\"height:20px;\"><\/div>[vc_column_text]<strong><span style=\"font-size: 16px;\">Durch das Auslagern der Buchhaltung ergeben sich f\u00fcr Ihr Unternehmen viele Vorteile wie zum Beispiel:<\/span><\/strong><\/p>\n<p style=\"text-align: justify;\"><span style=\"font-size: 14px;\"><strong>kein Personalrisiko:<\/strong><\/span><br \/>\nwir erhalten nur Geld wenn wir daf\u00fcr gearbeitet haben. Lohnfortzahlungen f\u00fcr Urlaub, Krankheit oder Mutterschutz sind f\u00fcr Sie damit erledigt.<\/p>\n<p style=\"text-align: justify;\"><span style=\"font-size: 14px;\"><strong>kein Haftungsrisiko:<\/strong><\/span><br \/>\nf\u00fcr eventuelle Sch\u00e4den haftet unsere Verm\u00f6gensschadenhaftpflichtversicherung.<\/p>\n<p style=\"text-align: justify;\"><span style=\"font-size: 14px;\"><strong>Flexibilit\u00e4t:<\/strong><\/span><br \/>\nwir arbeiten nur wenn wir gebraucht werden. Sie entscheiden wo wir arbeiten \u2013 in unseren eigenen B\u00fcror\u00e4umen oder bei Ihnen vor Ort.<\/p>\n<p style=\"text-align: justify;\"><span style=\"font-size: 14px;\"><strong>Wissensvorsprung:<\/strong><\/span><br \/>\ndurch kontinuierliche unterj\u00e4hrige Fortbildungen sind unsere Mitarbeiter immer auf dem aktuellsten Stand. Durch die bisher gesammelte Berufserfahrung der Gesch\u00e4ftsleitung sind wir im Stande sowohl Ein-Mann-Betriebe als auch mittelst\u00e4ndische Unternehmen oder weltweit operierende Konzerne zu betreuen.<\/p>\n[\/vc_column_text][\/vc_column][\/vc_row]\n<\/div>","protected":false},"excerpt":{"rendered":"<p>[vc_row][vc_column][vc_column_text]Durch das Auslagern der Buchhaltung ergeben sich f\u00fcr Ihr Unternehmen viele Vorteile wie zum Beispiel: kein Personalrisiko: wir erhalten nur Geld wenn wir daf\u00fcr gearbeitet haben. Lohnfortzahlungen f\u00fcr Urlaub, Krankheit oder Mutterschutz sind f\u00fcr Sie damit erledigt. kein Haftungsrisiko: f\u00fcr eventuelle Sch\u00e4den haftet unsere Verm\u00f6gensschadenhaftpflichtversicherung. Flexibilit\u00e4t: wir arbeiten nur wenn wir gebraucht werden. Sie entscheiden&hellip;<\/p>\n","protected":false},"author":2,"featured_media":0,"parent":0,"menu_order":0,"comment_status":"closed","ping_status":"closed","template":"","meta":{"footnotes":""},"class_list":["post-40","page","type-page","status-publish","hentry","entry","no-media"],"yoast_head":"<!-- This site is optimized with the Yoast SEO plugin v27.4 - https:\/\/yoast.com\/product\/yoast-seo-wordpress\/ -->\n<title>Vorteile - FiBF GmbH<\/title>\n<meta name=\"robots\" content=\"index, follow, max-snippet:-1, max-image-preview:large, max-video-preview:-1\" \/>\n<link rel=\"canonical\" href=\"https:\/\/www.fibf.de\/wordpress\/vorteile\/\" \/>\n<meta property=\"og:locale\" content=\"de_DE\" \/>\n<meta property=\"og:type\" content=\"article\" \/>\n<meta property=\"og:title\" content=\"Vorteile - FiBF GmbH\" \/>\n<meta property=\"og:description\" content=\"[vc_row][vc_column][vc_column_text]Durch das Auslagern der Buchhaltung ergeben sich f\u00fcr Ihr Unternehmen viele Vorteile wie zum Beispiel: kein Personalrisiko: wir erhalten nur Geld wenn wir daf\u00fcr gearbeitet haben. Lohnfortzahlungen f\u00fcr Urlaub, Krankheit oder Mutterschutz sind f\u00fcr Sie damit erledigt. kein Haftungsrisiko: f\u00fcr eventuelle Sch\u00e4den haftet unsere Verm\u00f6gensschadenhaftpflichtversicherung. Flexibilit\u00e4t: wir arbeiten nur wenn wir gebraucht werden. Sie entscheiden&hellip;\" \/>\n<meta property=\"og:url\" content=\"https:\/\/www.fibf.de\/wordpress\/vorteile\/\" \/>\n<meta property=\"og:site_name\" content=\"FiBF GmbH\" \/>\n<meta property=\"article:modified_time\" content=\"2018-06-01T14:11:10+00:00\" \/>\n<meta name=\"twitter:card\" content=\"summary_large_image\" \/>\n<meta name=\"twitter:label1\" content=\"Gesch\u00e4tzte Lesezeit\" \/>\n\t<meta name=\"twitter:data1\" content=\"1\u00a0Minute\" \/>\n<script type=\"application\/ld+json\" class=\"yoast-schema-graph\">{\"@context\":\"https:\\\/\\\/schema.org\",\"@graph\":[{\"@type\":\"WebPage\",\"@id\":\"https:\\\/\\\/www.fibf.de\\\/wordpress\\\/vorteile\\\/\",\"url\":\"https:\\\/\\\/www.fibf.de\\\/wordpress\\\/vorteile\\\/\",\"name\":\"Vorteile - FiBF GmbH\",\"isPartOf\":{\"@id\":\"https:\\\/\\\/www.fibf.de\\\/wordpress\\\/#website\"},\"datePublished\":\"2016-04-16T12:00:24+00:00\",\"dateModified\":\"2018-06-01T14:11:10+00:00\",\"breadcrumb\":{\"@id\":\"https:\\\/\\\/www.fibf.de\\\/wordpress\\\/vorteile\\\/#breadcrumb\"},\"inLanguage\":\"de\",\"potentialAction\":[{\"@type\":\"ReadAction\",\"target\":[\"https:\\\/\\\/www.fibf.de\\\/wordpress\\\/vorteile\\\/\"]}]},{\"@type\":\"BreadcrumbList\",\"@id\":\"https:\\\/\\\/www.fibf.de\\\/wordpress\\\/vorteile\\\/#breadcrumb\",\"itemListElement\":[{\"@type\":\"ListItem\",\"position\":1,\"name\":\"Startseite\",\"item\":\"https:\\\/\\\/www.fibf.de\\\/wordpress\\\/\"},{\"@type\":\"ListItem\",\"position\":2,\"name\":\"Vorteile\"}]},{\"@type\":\"WebSite\",\"@id\":\"https:\\\/\\\/www.fibf.de\\\/wordpress\\\/#website\",\"url\":\"https:\\\/\\\/www.fibf.de\\\/wordpress\\\/\",\"name\":\"FiBF GmbH\",\"description\":\"Ihr kompetenter Buchhaltungs- und Finanzservice*.\",\"publisher\":{\"@id\":\"https:\\\/\\\/www.fibf.de\\\/wordpress\\\/#organization\"},\"potentialAction\":[{\"@type\":\"SearchAction\",\"target\":{\"@type\":\"EntryPoint\",\"urlTemplate\":\"https:\\\/\\\/www.fibf.de\\\/wordpress\\\/?s={search_term_string}\"},\"query-input\":{\"@type\":\"PropertyValueSpecification\",\"valueRequired\":true,\"valueName\":\"search_term_string\"}}],\"inLanguage\":\"de\"},{\"@type\":\"Organization\",\"@id\":\"https:\\\/\\\/www.fibf.de\\\/wordpress\\\/#organization\",\"name\":\"FiBF GmbH\",\"url\":\"https:\\\/\\\/www.fibf.de\\\/wordpress\\\/\",\"logo\":{\"@type\":\"ImageObject\",\"inLanguage\":\"de\",\"@id\":\"https:\\\/\\\/www.fibf.de\\\/wordpress\\\/#\\\/schema\\\/logo\\\/image\\\/\",\"url\":\"https:\\\/\\\/www.fibf.de\\\/wordpress\\\/wp-content\\\/uploads\\\/2018\\\/05\\\/Logo-FiBF-GmbH_150.png\",\"contentUrl\":\"https:\\\/\\\/www.fibf.de\\\/wordpress\\\/wp-content\\\/uploads\\\/2018\\\/05\\\/Logo-FiBF-GmbH_150.png\",\"width\":240,\"height\":150,\"caption\":\"FiBF GmbH\"},\"image\":{\"@id\":\"https:\\\/\\\/www.fibf.de\\\/wordpress\\\/#\\\/schema\\\/logo\\\/image\\\/\"}}]}<\/script>\n<!-- \/ Yoast SEO plugin. -->","yoast_head_json":{"title":"Vorteile - FiBF GmbH","robots":{"index":"index","follow":"follow","max-snippet":"max-snippet:-1","max-image-preview":"max-image-preview:large","max-video-preview":"max-video-preview:-1"},"canonical":"https:\/\/www.fibf.de\/wordpress\/vorteile\/","og_locale":"de_DE","og_type":"article","og_title":"Vorteile - FiBF GmbH","og_description":"[vc_row][vc_column][vc_column_text]Durch das Auslagern der Buchhaltung ergeben sich f\u00fcr Ihr Unternehmen viele Vorteile wie zum Beispiel: kein Personalrisiko: wir erhalten nur Geld wenn wir daf\u00fcr gearbeitet haben. Lohnfortzahlungen f\u00fcr Urlaub, Krankheit oder Mutterschutz sind f\u00fcr Sie damit erledigt. kein Haftungsrisiko: f\u00fcr eventuelle Sch\u00e4den haftet unsere Verm\u00f6gensschadenhaftpflichtversicherung. Flexibilit\u00e4t: wir arbeiten nur wenn wir gebraucht werden. Sie entscheiden&hellip;","og_url":"https:\/\/www.fibf.de\/wordpress\/vorteile\/","og_site_name":"FiBF GmbH","article_modified_time":"2018-06-01T14:11:10+00:00","twitter_card":"summary_large_image","twitter_misc":{"Gesch\u00e4tzte Lesezeit":"1\u00a0Minute"},"schema":{"@context":"https:\/\/schema.org","@graph":[{"@type":"WebPage","@id":"https:\/\/www.fibf.de\/wordpress\/vorteile\/","url":"https:\/\/www.fibf.de\/wordpress\/vorteile\/","name":"Vorteile - FiBF GmbH","isPartOf":{"@id":"https:\/\/www.fibf.de\/wordpress\/#website"},"datePublished":"2016-04-16T12:00:24+00:00","dateModified":"2018-06-01T14:11:10+00:00","breadcrumb":{"@id":"https:\/\/www.fibf.de\/wordpress\/vorteile\/#breadcrumb"},"inLanguage":"de","potentialAction":[{"@type":"ReadAction","target":["https:\/\/www.fibf.de\/wordpress\/vorteile\/"]}]},{"@type":"BreadcrumbList","@id":"https:\/\/www.fibf.de\/wordpress\/vorteile\/#breadcrumb","itemListElement":[{"@type":"ListItem","position":1,"name":"Startseite","item":"https:\/\/www.fibf.de\/wordpress\/"},{"@type":"ListItem","position":2,"name":"Vorteile"}]},{"@type":"WebSite","@id":"https:\/\/www.fibf.de\/wordpress\/#website","url":"https:\/\/www.fibf.de\/wordpress\/","name":"FiBF GmbH","description":"Ihr kompetenter Buchhaltungs- und Finanzservice*.","publisher":{"@id":"https:\/\/www.fibf.de\/wordpress\/#organization"},"potentialAction":[{"@type":"SearchAction","target":{"@type":"EntryPoint","urlTemplate":"https:\/\/www.fibf.de\/wordpress\/?s={search_term_string}"},"query-input":{"@type":"PropertyValueSpecification","valueRequired":true,"valueName":"search_term_string"}}],"inLanguage":"de"},{"@type":"Organization","@id":"https:\/\/www.fibf.de\/wordpress\/#organization","name":"FiBF GmbH","url":"https:\/\/www.fibf.de\/wordpress\/","logo":{"@type":"ImageObject","inLanguage":"de","@id":"https:\/\/www.fibf.de\/wordpress\/#\/schema\/logo\/image\/","url":"https:\/\/www.fibf.de\/wordpress\/wp-content\/uploads\/2018\/05\/Logo-FiBF-GmbH_150.png","contentUrl":"https:\/\/www.fibf.de\/wordpress\/wp-content\/uploads\/2018\/05\/Logo-FiBF-GmbH_150.png","width":240,"height":150,"caption":"FiBF GmbH"},"image":{"@id":"https:\/\/www.fibf.de\/wordpress\/#\/schema\/logo\/image\/"}}]}},"_links":{"self":[{"href":"https:\/\/www.fibf.de\/wordpress\/wp-json\/wp\/v2\/pages\/40","targetHints":{"allow":["GET"]}}],"collection":[{"href":"https:\/\/www.fibf.de\/wordpress\/wp-json\/wp\/v2\/pages"}],"about":[{"href":"https:\/\/www.fibf.de\/wordpress\/wp-json\/wp\/v2\/types\/page"}],"author":[{"embeddable":true,"href":"https:\/\/www.fibf.de\/wordpress\/wp-json\/wp\/v2\/users\/2"}],"replies":[{"embeddable":true,"href":"https:\/\/www.fibf.de\/wordpress\/wp-json\/wp\/v2\/comments?post=40"}],"version-history":[{"count":13,"href":"https:\/\/www.fibf.de\/wordpress\/wp-json\/wp\/v2\/pages\/40\/revisions"}],"predecessor-version":[{"id":631,"href":"https:\/\/www.fibf.de\/wordpress\/wp-json\/wp\/v2\/pages\/40\/revisions\/631"}],"wp:attachment":[{"href":"https:\/\/www.fibf.de\/wordpress\/wp-json\/wp\/v2\/media?parent=40"}],"curies":[{"name":"wp","href":"https:\/\/api.w.org\/{rel}","templated":true}]}}