{"id":46,"date":"2016-04-16T14:01:28","date_gmt":"2016-04-16T12:01:28","guid":{"rendered":"http:\/\/www.fibf.de\/wordpress\/?page_id=46"},"modified":"2024-06-07T08:59:22","modified_gmt":"2024-06-07T06:59:22","slug":"datenschutz","status":"publish","type":"page","link":"https:\/\/www.fibf.de\/wordpress\/datenschutz\/","title":{"rendered":"Datenschutz"},"content":{"rendered":"<div class=\"wpb-content-wrapper\">[vc_row][vc_column]<div class=\"vcex-spacing wpex-w-100 wpex-clear\" style=\"height:20px;\"><\/div><style>.vcex-heading.vcex_69e62cef49d35{font-size:18px;}<\/style><div class=\"vcex-heading vcex-heading-plain vcex-module wpex-heading wpex-text-2xl vcex_69e62cef49d35\"><span class=\"vcex-heading-inner wpex-inline-block\"><span class=\"vcex-heading-icon vcex-heading-icon-left vcex-icon-wrap wpex-mr-10\"><span class=\"wpex-icon\" aria-hidden=\"true\"><svg xmlns=\"http:\/\/www.w3.org\/2000\/svg\" viewBox=\"0 0 448 512\"><path d=\"M64 80c-8.8 0-16 7.2-16 16V416c0 8.8 7.2 16 16 16H288V352c0-17.7 14.3-32 32-32h80V96c0-8.8-7.2-16-16-16H64zM288 480H64c-35.3 0-64-28.7-64-64V96C0 60.7 28.7 32 64 32H384c35.3 0 64 28.7 64 64V320v5.5c0 17-6.7 33.3-18.7 45.3l-90.5 90.5c-12 12-28.3 18.7-45.3 18.7H288z\"\/><\/svg><\/span><\/span>DATENSCHUTZ<\/span><\/div><div class=\"vcex-spacing wpex-w-100 wpex-clear\" style=\"height:20px;\"><\/div>[vc_column_text css=&#8220;&#8220;]\n<p style=\"text-align: justify;\"><strong><span style=\"font-size: 16px;\">Datenschutzerkl\u00e4rung<\/span><\/strong><\/p>\n<p><span style=\"font-size: 14px;\"><strong>Anbieter und verantwortliche Stelle im Sinne des Datenschutzgesetzes<\/strong><\/span><br \/>\n<span id=\"s3-t-firma\">FiBF GmbH<\/span><br \/>\n<span id=\"s3-t-strasse\">Sch\u00fctzenstra\u00dfe 8<\/span><br \/>\n<span id=\"s3-t-plz\">86698<\/span> <span id=\"s3-t-ort\">Oberndorf am Lech<\/span><\/p>\n<p style=\"text-align: justify;\"><span style=\"font-size: 14px;\"><strong>Geltungsbereich<\/strong><\/span><br \/>\nNutzer erhalten mit dieser Datenschutzerkl\u00e4rung Information \u00fcber die Art, den Umfang und Zweck der Erhebung und Verwendung ihrer Daten die durch den verantwortlichen Anbieter erhoben und verwendet werden.<\/p>\n<p style=\"text-align: justify;\">Den rechtlichen Rahmen f\u00fcr den Datenschutz bilden das Bundesdatenschutzgesetz (BDSG) und das Digitale-Dienste-Gesetz (DDG).<\/p>\n<p style=\"text-align: justify;\"><span style=\"font-size: 14px;\"><strong>Erfassung allgemeiner Informationen<\/strong><\/span><br \/>\nMit jedem Zugriff auf dieses Angebot werden durch uns bzw. den Webspace-Provider automatisch Informationen erfasst. Diese Informationen, auch als Server-Logfiles bezeichnet, sind allgemeiner Natur und erlauben keine R\u00fcckschl\u00fcsse auf Ihre Person.<\/p>\n<p style=\"text-align: justify;\">Erfasst werden unter anderem: Name der Webseite, Datei, Datum, Datenmenge, Webbrowser und Webbrowser-Version, Betriebssystem, der Domainname Ihres Internet-Providers, die sogenannte Referrer-URL (jene Seite, von der aus Sie auf unser Angebot zugegriffen haben) und die IP-Adresse.<\/p>\n<p style=\"text-align: justify;\">Ohne diese Daten w\u00e4re es technisch teils nicht m\u00f6glich, die Inhalte der Webseite auszuliefern und darzustellen. Insofern ist die Erfassung der Daten zwingend notwendig. Dar\u00fcber hinaus verwenden wir die anonymen Informationen f\u00fcr statistische Zwecke. Sie helfen uns bei der Optimierung des Angebots und der Technik. Wir behalten uns zudem das Recht vor, die Log-Files bei Verdacht auf eine rechtswidrige Nutzung unseres Angebotes nachtr\u00e4glich zu kontrollieren.<\/p>\n<p style=\"text-align: justify;\"><span style=\"font-size: 14px;\"><strong>Erbringung kostenpflichtiger Leistungen<\/strong><\/span><br \/>\nDamit wir kostenpflichtige Leistungen erbringen k\u00f6nnen, fragen wir zus\u00e4tzliche Daten ab. Das gilt zum Beispiel f\u00fcr die Angaben zur Zahlung.<\/p>\n<p style=\"text-align: justify;\">Damit die Sicherheit Ihrer Daten im Falle einer \u00dcbertragung gew\u00e4hrleistet ist, arbeiten wir mit Verschl\u00fcsselungsverfahren (etwa SSL) \u00fcber HTTPS, die den aktuellen Stand der Technik widerspiegeln.<\/p>\n<p style=\"text-align: justify;\"><span style=\"font-size: 14px;\"><strong>Kontaktformular<\/strong><\/span><br \/>\nWenn Sie uns \u00fcber das Onlineformular oder per E-Mail kontaktieren, speichern wir die von Ihnen gemachten Angaben, um Ihre Anfrage beantworten und m\u00f6gliche Anschlussfragen stellen zu k\u00f6nnen.<\/p>\n<p style=\"text-align: justify;\"><span style=\"font-size: 14px;\"><strong>Einbindung von Diensten und Inhalten Dritter<\/strong><\/span><br \/>\nUnser Angebot umfasst mitunter Inhalte, Dienste und Leistungen anderer Anbieter. Damit diese Daten im Browser des Nutzers aufgerufen und dargestellt werden k\u00f6nnen, ist die \u00dcbermittlung der IP-Adresse zwingend notwendig. Die Anbieter (im Folgenden als \u201eDritt-Anbieter\u201c bezeichnet) nehmen also die IP-Adresse des jeweiligen Nutzers wahr.<\/p>\n<p style=\"text-align: justify;\">Auch wenn wir bem\u00fcht sind, ausschlie\u00dflich Dritt-Anbieter zu nutzen, welche die IP-Adresse nur ben\u00f6tigen, um Inhalte ausliefern zu k\u00f6nnen, haben wir keinen Einfluss darauf, ob die IP-Adresse m\u00f6glicherweise gespeichert wird. Dieser Vorgang dient in dem Fall unter anderem statistischen Zwecken. Sofern wir Kenntnis davon haben, dass die IP-Adresse gespeichert wird, weisen wir unsere Nutzer darauf hin.<\/p>\n<p style=\"text-align: justify;\"><span style=\"font-size: 14px;\"><strong>Cookies<\/strong><\/span><br \/>\nDiese Webseite verwendet sogenannte Cookies. Das sind Textdateien, die vom Server aus auf Ihrem Rechner gespeichert werden. Sie enthalten Informationen zum Browser, zur IP-Adresse, dem Betriebssystem und zur Internetverbindung. Diese Daten werden von uns nicht an Dritte weitergegeben oder ohne ihre Zustimmung mit personenbezogenen Daten verkn\u00fcpft.<\/p>\n<p style=\"text-align: justify;\">Cookies erf\u00fcllen vor allem zwei Aufgaben. Sie helfen uns, Ihnen die Navigation durch unser Angebot zu erleichtern, und erm\u00f6glichen die korrekte Darstellung der Webseite. Sie werden nicht dazu genutzt, Viren einzuschleusen oder Programme zu starten.<\/p>\n<p style=\"text-align: justify;\">Nutzer haben die M\u00f6glichkeit, unser Angebot auch ohne Cookies aufzurufen. Dazu m\u00fcssen im Browser die entsprechenden Einstellungen ge\u00e4ndert werden. Informieren Sie sich bitte \u00fcber die Hilfsfunktion Ihres Browsers, wie Cookies deaktiviert werden. Wir weisen allerdings darauf hin, dass dadurch einige Funktionen dieser Webseite m\u00f6glicherweise beeintr\u00e4chtigt werden und der Nutzungskomfort eingeschr\u00e4nkt wird. Die Seiten <a href=\"http:\/\/www.aboutads.info\/choices\/\">http:\/\/www.aboutads.info\/choices\/<\/a> (USA) und <a href=\"http:\/\/www.youronlinechoices.com\/uk\/your-ad-choices\/\">http:\/\/www.youronlinechoices.com\/uk\/your-ad-choices\/<\/a> (Europa) erlauben es Ihnen, Online-Anzeigen-Cookies zu verwalten.<\/p>\n<p style=\"text-align: justify;\"><span style=\"font-size: 14px;\"><strong>Datensparsamkeit<\/strong><\/span><br \/>\nPersonenbezogene Daten speichern wir gem\u00e4\u00df den Grunds\u00e4tzen der Datenvermeidung und Datensparsamkeit nur so lange, wie es erforderlich ist oder vom Gesetzgeber her vorgeschrieben wird (gesetzliche Speicherfrist). Entf\u00e4llt der Zweck der erhobenen Informationen oder endet die Speicherfrist, sperren oder l\u00f6schen wir die Daten.<\/p>\n<p style=\"text-align: justify;\"><span style=\"font-size: 14px;\"><strong>Ihre Rechte auf Auskunft, Berichtigung, Sperre, L\u00f6schung und Widerspruch<\/strong><\/span><br \/>\nSie haben das Recht, auf Antrag unentgeltlich eine Auskunft, \u00fcber die bei uns gespeicherten personenbezogenen Daten, anzufordern und\/oder eine Berichtigung, Sperrung oder L\u00f6schung zu verlangen. Ausnahmen: Es handelt sich um die vorgeschriebene Datenspeicherung zur Gesch\u00e4ftsabwicklung oder die Daten unterliegen der gesetzlichen Aufbewahrungspflicht.<\/p>\n<p style=\"text-align: justify;\">F\u00fcr diese Zwecke kontaktieren Sie mich bitte (Kontaktdaten: siehe Impressum).<\/p>\n<p style=\"text-align: justify;\">Um eine Datensperre jederzeit ber\u00fccksichtigen zu k\u00f6nnen, ist es erforderlich, die Daten f\u00fcr Kontrollzwecke in einer Sperrdatei vorzuhalten. Besteht keine gesetzliche Archivierungspflicht, k\u00f6nnen Sie auch die L\u00f6schung der Daten verlangen. Anderenfalls sperren wir die Daten, sofern Sie dies w\u00fcnschen.<\/p>\n<p style=\"text-align: justify;\"><span style=\"font-size: 14px;\"><strong>\u00c4nderung unserer Datenschutzerkl\u00e4rung<\/strong><\/span><br \/>\nUm zu gew\u00e4hrleisten, dass unsere Datenschutzerkl\u00e4rung stets den aktuellen gesetzlichen Vorgaben entspricht, behalten wir uns jederzeit \u00c4nderungen vor. Das gilt auch f\u00fcr den Fall, dass die Datenschutzerkl\u00e4rung aufgrund neuer oder \u00fcberarbeiteter Leistungen, zum Beispiel neuer Serviceleistungen, angepasst werden muss. Die neue Datenschutzerkl\u00e4rung greift dann bei Ihrem n\u00e4chsten Besuch auf unserem Angebot.<\/p>\n<p><small>Quelle: Datenschutz-Konfigurator von <a href=\"http:\/\/www.mein-datenschutzbeauftragter.de\" target=\"_blank\" rel=\"noopener\">mein-datenschutzbeauftragter.de<\/a><\/small>[\/vc_column_text][\/vc_column][\/vc_row]\n<\/div>","protected":false},"excerpt":{"rendered":"<p>[vc_row][vc_column][vc_column_text css=&#8220;&#8220;] Datenschutzerkl\u00e4rung Anbieter und verantwortliche Stelle im Sinne des Datenschutzgesetzes FiBF GmbH Sch\u00fctzenstra\u00dfe 8 86698 Oberndorf am Lech Geltungsbereich Nutzer erhalten mit dieser Datenschutzerkl\u00e4rung Information \u00fcber die Art, den Umfang und Zweck der Erhebung und Verwendung ihrer Daten die durch den verantwortlichen Anbieter erhoben und verwendet werden. Den rechtlichen Rahmen f\u00fcr den Datenschutz bilden&hellip;<\/p>\n","protected":false},"author":2,"featured_media":0,"parent":0,"menu_order":0,"comment_status":"closed","ping_status":"closed","template":"","meta":{"footnotes":""},"class_list":["post-46","page","type-page","status-publish","hentry","entry","no-media"],"yoast_head":"<!-- This site is optimized with the Yoast SEO plugin v27.4 - https:\/\/yoast.com\/product\/yoast-seo-wordpress\/ -->\n<title>Datenschutz - FiBF GmbH<\/title>\n<meta name=\"robots\" content=\"index, follow, max-snippet:-1, max-image-preview:large, max-video-preview:-1\" \/>\n<link rel=\"canonical\" href=\"https:\/\/www.fibf.de\/wordpress\/datenschutz\/\" \/>\n<meta property=\"og:locale\" content=\"de_DE\" \/>\n<meta property=\"og:type\" content=\"article\" \/>\n<meta property=\"og:title\" content=\"Datenschutz - FiBF GmbH\" \/>\n<meta property=\"og:description\" content=\"[vc_row][vc_column][vc_column_text css=&#8220;&#8220;] Datenschutzerkl\u00e4rung Anbieter und verantwortliche Stelle im Sinne des Datenschutzgesetzes FiBF GmbH Sch\u00fctzenstra\u00dfe 8 86698 Oberndorf am Lech Geltungsbereich Nutzer erhalten mit dieser Datenschutzerkl\u00e4rung Information \u00fcber die Art, den Umfang und Zweck der Erhebung und Verwendung ihrer Daten die durch den verantwortlichen Anbieter erhoben und verwendet werden. Den rechtlichen Rahmen f\u00fcr den Datenschutz bilden&hellip;\" \/>\n<meta property=\"og:url\" content=\"https:\/\/www.fibf.de\/wordpress\/datenschutz\/\" \/>\n<meta property=\"og:site_name\" content=\"FiBF GmbH\" \/>\n<meta property=\"article:modified_time\" content=\"2024-06-07T06:59:22+00:00\" \/>\n<meta name=\"twitter:card\" content=\"summary_large_image\" \/>\n<meta name=\"twitter:label1\" content=\"Gesch\u00e4tzte Lesezeit\" \/>\n\t<meta name=\"twitter:data1\" content=\"5\u00a0Minuten\" \/>\n<script type=\"application\/ld+json\" class=\"yoast-schema-graph\">{\"@context\":\"https:\\\/\\\/schema.org\",\"@graph\":[{\"@type\":\"WebPage\",\"@id\":\"https:\\\/\\\/www.fibf.de\\\/wordpress\\\/datenschutz\\\/\",\"url\":\"https:\\\/\\\/www.fibf.de\\\/wordpress\\\/datenschutz\\\/\",\"name\":\"Datenschutz - FiBF GmbH\",\"isPartOf\":{\"@id\":\"https:\\\/\\\/www.fibf.de\\\/wordpress\\\/#website\"},\"datePublished\":\"2016-04-16T12:01:28+00:00\",\"dateModified\":\"2024-06-07T06:59:22+00:00\",\"breadcrumb\":{\"@id\":\"https:\\\/\\\/www.fibf.de\\\/wordpress\\\/datenschutz\\\/#breadcrumb\"},\"inLanguage\":\"de\",\"potentialAction\":[{\"@type\":\"ReadAction\",\"target\":[\"https:\\\/\\\/www.fibf.de\\\/wordpress\\\/datenschutz\\\/\"]}]},{\"@type\":\"BreadcrumbList\",\"@id\":\"https:\\\/\\\/www.fibf.de\\\/wordpress\\\/datenschutz\\\/#breadcrumb\",\"itemListElement\":[{\"@type\":\"ListItem\",\"position\":1,\"name\":\"Startseite\",\"item\":\"https:\\\/\\\/www.fibf.de\\\/wordpress\\\/\"},{\"@type\":\"ListItem\",\"position\":2,\"name\":\"Datenschutz\"}]},{\"@type\":\"WebSite\",\"@id\":\"https:\\\/\\\/www.fibf.de\\\/wordpress\\\/#website\",\"url\":\"https:\\\/\\\/www.fibf.de\\\/wordpress\\\/\",\"name\":\"FiBF GmbH\",\"description\":\"Ihr kompetenter Buchhaltungs- und Finanzservice*.\",\"publisher\":{\"@id\":\"https:\\\/\\\/www.fibf.de\\\/wordpress\\\/#organization\"},\"potentialAction\":[{\"@type\":\"SearchAction\",\"target\":{\"@type\":\"EntryPoint\",\"urlTemplate\":\"https:\\\/\\\/www.fibf.de\\\/wordpress\\\/?s={search_term_string}\"},\"query-input\":{\"@type\":\"PropertyValueSpecification\",\"valueRequired\":true,\"valueName\":\"search_term_string\"}}],\"inLanguage\":\"de\"},{\"@type\":\"Organization\",\"@id\":\"https:\\\/\\\/www.fibf.de\\\/wordpress\\\/#organization\",\"name\":\"FiBF GmbH\",\"url\":\"https:\\\/\\\/www.fibf.de\\\/wordpress\\\/\",\"logo\":{\"@type\":\"ImageObject\",\"inLanguage\":\"de\",\"@id\":\"https:\\\/\\\/www.fibf.de\\\/wordpress\\\/#\\\/schema\\\/logo\\\/image\\\/\",\"url\":\"https:\\\/\\\/www.fibf.de\\\/wordpress\\\/wp-content\\\/uploads\\\/2018\\\/05\\\/Logo-FiBF-GmbH_150.png\",\"contentUrl\":\"https:\\\/\\\/www.fibf.de\\\/wordpress\\\/wp-content\\\/uploads\\\/2018\\\/05\\\/Logo-FiBF-GmbH_150.png\",\"width\":240,\"height\":150,\"caption\":\"FiBF GmbH\"},\"image\":{\"@id\":\"https:\\\/\\\/www.fibf.de\\\/wordpress\\\/#\\\/schema\\\/logo\\\/image\\\/\"}}]}<\/script>\n<!-- \/ Yoast SEO plugin. -->","yoast_head_json":{"title":"Datenschutz - FiBF GmbH","robots":{"index":"index","follow":"follow","max-snippet":"max-snippet:-1","max-image-preview":"max-image-preview:large","max-video-preview":"max-video-preview:-1"},"canonical":"https:\/\/www.fibf.de\/wordpress\/datenschutz\/","og_locale":"de_DE","og_type":"article","og_title":"Datenschutz - FiBF GmbH","og_description":"[vc_row][vc_column][vc_column_text css=&#8220;&#8220;] Datenschutzerkl\u00e4rung Anbieter und verantwortliche Stelle im Sinne des Datenschutzgesetzes FiBF GmbH Sch\u00fctzenstra\u00dfe 8 86698 Oberndorf am Lech Geltungsbereich Nutzer erhalten mit dieser Datenschutzerkl\u00e4rung Information \u00fcber die Art, den Umfang und Zweck der Erhebung und Verwendung ihrer Daten die durch den verantwortlichen Anbieter erhoben und verwendet werden. Den rechtlichen Rahmen f\u00fcr den Datenschutz bilden&hellip;","og_url":"https:\/\/www.fibf.de\/wordpress\/datenschutz\/","og_site_name":"FiBF GmbH","article_modified_time":"2024-06-07T06:59:22+00:00","twitter_card":"summary_large_image","twitter_misc":{"Gesch\u00e4tzte Lesezeit":"5\u00a0Minuten"},"schema":{"@context":"https:\/\/schema.org","@graph":[{"@type":"WebPage","@id":"https:\/\/www.fibf.de\/wordpress\/datenschutz\/","url":"https:\/\/www.fibf.de\/wordpress\/datenschutz\/","name":"Datenschutz - FiBF GmbH","isPartOf":{"@id":"https:\/\/www.fibf.de\/wordpress\/#website"},"datePublished":"2016-04-16T12:01:28+00:00","dateModified":"2024-06-07T06:59:22+00:00","breadcrumb":{"@id":"https:\/\/www.fibf.de\/wordpress\/datenschutz\/#breadcrumb"},"inLanguage":"de","potentialAction":[{"@type":"ReadAction","target":["https:\/\/www.fibf.de\/wordpress\/datenschutz\/"]}]},{"@type":"BreadcrumbList","@id":"https:\/\/www.fibf.de\/wordpress\/datenschutz\/#breadcrumb","itemListElement":[{"@type":"ListItem","position":1,"name":"Startseite","item":"https:\/\/www.fibf.de\/wordpress\/"},{"@type":"ListItem","position":2,"name":"Datenschutz"}]},{"@type":"WebSite","@id":"https:\/\/www.fibf.de\/wordpress\/#website","url":"https:\/\/www.fibf.de\/wordpress\/","name":"FiBF GmbH","description":"Ihr kompetenter Buchhaltungs- und Finanzservice*.","publisher":{"@id":"https:\/\/www.fibf.de\/wordpress\/#organization"},"potentialAction":[{"@type":"SearchAction","target":{"@type":"EntryPoint","urlTemplate":"https:\/\/www.fibf.de\/wordpress\/?s={search_term_string}"},"query-input":{"@type":"PropertyValueSpecification","valueRequired":true,"valueName":"search_term_string"}}],"inLanguage":"de"},{"@type":"Organization","@id":"https:\/\/www.fibf.de\/wordpress\/#organization","name":"FiBF GmbH","url":"https:\/\/www.fibf.de\/wordpress\/","logo":{"@type":"ImageObject","inLanguage":"de","@id":"https:\/\/www.fibf.de\/wordpress\/#\/schema\/logo\/image\/","url":"https:\/\/www.fibf.de\/wordpress\/wp-content\/uploads\/2018\/05\/Logo-FiBF-GmbH_150.png","contentUrl":"https:\/\/www.fibf.de\/wordpress\/wp-content\/uploads\/2018\/05\/Logo-FiBF-GmbH_150.png","width":240,"height":150,"caption":"FiBF GmbH"},"image":{"@id":"https:\/\/www.fibf.de\/wordpress\/#\/schema\/logo\/image\/"}}]}},"_links":{"self":[{"href":"https:\/\/www.fibf.de\/wordpress\/wp-json\/wp\/v2\/pages\/46","targetHints":{"allow":["GET"]}}],"collection":[{"href":"https:\/\/www.fibf.de\/wordpress\/wp-json\/wp\/v2\/pages"}],"about":[{"href":"https:\/\/www.fibf.de\/wordpress\/wp-json\/wp\/v2\/types\/page"}],"author":[{"embeddable":true,"href":"https:\/\/www.fibf.de\/wordpress\/wp-json\/wp\/v2\/users\/2"}],"replies":[{"embeddable":true,"href":"https:\/\/www.fibf.de\/wordpress\/wp-json\/wp\/v2\/comments?post=46"}],"version-history":[{"count":21,"href":"https:\/\/www.fibf.de\/wordpress\/wp-json\/wp\/v2\/pages\/46\/revisions"}],"predecessor-version":[{"id":703,"href":"https:\/\/www.fibf.de\/wordpress\/wp-json\/wp\/v2\/pages\/46\/revisions\/703"}],"wp:attachment":[{"href":"https:\/\/www.fibf.de\/wordpress\/wp-json\/wp\/v2\/media?parent=46"}],"curies":[{"name":"wp","href":"https:\/\/api.w.org\/{rel}","templated":true}]}}