{"id":9,"date":"2016-04-15T16:36:15","date_gmt":"2016-04-15T14:36:15","guid":{"rendered":"http:\/\/www.fibf.de\/wordpress\/?page_id=9"},"modified":"2025-11-16T12:59:48","modified_gmt":"2025-11-16T10:59:48","slug":"home","status":"publish","type":"page","link":"https:\/\/www.fibf.de\/wordpress\/","title":{"rendered":"Home"},"content":{"rendered":"<div class=\"wpb-content-wrapper\">[vc_row][vc_column]<div class=\"vcex-spacing wpex-w-100 wpex-clear\" style=\"height:20px;\"><\/div>[rev_slider_vc alias=&#8220;home&#8220;][\/vc_column][\/vc_row][vc_row][vc_column width=&#8220;1\/3&#8243;]<style>.vcex-heading.vcex_69e20b28da412{color:#1c1c1b;font-size:18px;}.vcex-heading.vcex_69e20b28da412:hover{color:#1c1c1b;}<\/style><h2 class=\"vcex-heading vcex-heading-plain vcex-module wpex-heading wpex-text-2xl wpex-text-center width=90 hight=120 vcex_69e20b28da412\"><span class=\"vcex-heading-inner wpex-inline-block\">LEISTUNGEN<\/span><\/h2><div class=\"vcex-spacing wpex-w-100 wpex-clear\" style=\"height:20px;\"><\/div>[vc_single_image image=&#8220;218&#8243; img_size=&#8220;&#8220; alignment=&#8220;center&#8220; onclick=&#8220;custom_link&#8220; img_hover=&#8220;shrink&#8220; link=&#8220;https:\/\/www.fibf.de\/wordpress\/leistungen\/&#8220;]<div class=\"vcex-spacing wpex-w-100 wpex-clear\" style=\"height:15px;\"><\/div>[vc_column_text]\n<p style=\"text-align: justify;\">Unser Leistungskatalog setzt sich aus den \u00fcblichen T\u00e4tigkeiten der Finanzbuchhaltung*, der laufenden Lohnbuchhaltung und weiterer kaufm\u00e4nnischer Dienstleistungen zusammen. Steuerliche Beratungsleistungen werden <span style=\"text-decoration: underline;\"><strong>nicht<\/strong><\/span> angeboten.<\/p>\n<p>Eine genaue Auflistung finden Sie auf unserer <a href=\"https:\/\/www.fibf.de\/wordpress\/leistungen\/\">Leistungs\u00fcbersicht<\/a>.[\/vc_column_text][\/vc_column][vc_column width=&#8220;1\/3&#8243;]<style>.vcex-heading.vcex_69e20b28dc7d9{color:#1c1c1b;font-size:18px;font-family:'Open Sans', sans-serif;}.vcex-heading.vcex_69e20b28dc7d9:hover{color:#1c1c1b;}<\/style><h2 class=\"vcex-heading vcex-heading-plain vcex-module wpex-heading wpex-text-2xl wpex-text-center vcex_69e20b28dc7d9\"><span class=\"vcex-heading-inner wpex-inline-block\">GESCH\u00c4FTSLEITUNG<\/span><\/h2><div class=\"vcex-spacing wpex-w-100 wpex-clear\" style=\"height:20px;\"><\/div>[vc_single_image image=&#8220;262&#8243; img_size=&#8220;&#8220; alignment=&#8220;center&#8220; onclick=&#8220;custom_link&#8220; img_hover=&#8220;shrink&#8220; link=&#8220;https:\/\/www.fibf.de\/wordpress\/ueber-mich\/&#8220;]<div class=\"vcex-spacing wpex-w-100 wpex-clear\" style=\"height:15px;\"><\/div>[vc_column_text]Die Leitung der FiBF GmbH wurde an Frau Bettina W\u00f6lfel \u00fcbertragen.<\/p>\n<p style=\"text-align: justify;\">Nach erfolgreichem Abschluss Ihrer Ausbildung zur Steuerfachangestellten im Jahre 1999 war Sie ab 2003 als Buchhalterin bzw. von 2005 bis 2018 als selbst\u00e4ndige Bilanzbuchhalterin (IHK) im Einzelunternehmen Finanzbuchhaltung Bettina W\u00f6lfel t\u00e4tig.<\/p>\n<p>Um die Kund*innen der FiBF GmbH zu jedem Zeitpunkt optimal betreuen zu k\u00f6nnen, h\u00e4lt Frau W\u00f6lfel sich durch kontinuierliche Aus- und Weiterbildung st\u00e4ndig auf dem aktuellen Stand.<\/p>\n<p style=\"text-align: justify;\">Weitere Information bzw. einen Ausschnitt aus Ihrem Curriculum Vitae finden Sie <a href=\"https:\/\/www.fibf.de\/wordpress\/geschaeftsleitung\/\">hier<\/a>.<\/p>\n[\/vc_column_text][\/vc_column][vc_column width=&#8220;1\/3&#8243;]<style>.vcex-heading.vcex_69e20b28e10e7{color:#1c1c1b;font-size:18px;font-family:'Open Sans', sans-serif;}.vcex-heading.vcex_69e20b28e10e7:hover{color:#1c1c1b;}<\/style><div class=\"vcex-heading vcex-heading-plain vcex-module wpex-heading wpex-text-2xl wpex-text-center vcex_69e20b28e10e7\"><span class=\"vcex-heading-inner wpex-inline-block\">REFERENZEN<\/span><\/div><div class=\"vcex-spacing wpex-w-100 wpex-clear\" style=\"height:20px;\"><\/div>[vc_single_image image=&#8220;256&#8243; img_size=&#8220;&#8220; alignment=&#8220;center&#8220; onclick=&#8220;custom_link&#8220; img_hover=&#8220;shrink&#8220; link=&#8220;https:\/\/www.fibf.de\/wordpress\/referenzen&#8220;]<div class=\"vcex-spacing wpex-w-100 wpex-clear\" style=\"height:15px;\"><\/div>[vc_column_text]\n<p style=\"text-align: justify;\">Durch die bisher gesammelte Berufserfahrung der Gesch\u00e4ftsleitung sind wir im Stande sowohl Ein-Mann-Betriebe als auch mittelst\u00e4ndische Unternehmen oder weltweit operierende Konzerne zu betreuen.<\/p>\n<p style=\"text-align: justify;\">Nachfolgend finden Sie eine kleine Auswahl der bisherigen, sowie aktuell betreuten <a href=\"https:\/\/www.fibf.de\/wordpress\/referenzen\/\">Gesch\u00e4ftsbereiche<\/a>.<\/p>\n<p style=\"text-align: justify;\">\u00dcberzeugen Sie sich gerne selbst.<\/p>\n[\/vc_column_text][\/vc_column][\/vc_row][vc_row column_spacing=&#8220;0px&#8220;][vc_column][vc_cta h2=&#8220;Haben wir Ihr Interesse geweckt ?&#8220; h2_use_theme_fonts=&#8220;yes&#8220; h4_google_fonts=&#8220;font_family:Abril%20Fatface%3Aregular&#8220; add_button=&#8220;right&#8220; btn_title=&#8220;Kontakt&#8220; btn_color=&#8220;turquoise&#8220; btn_align=&#8220;right&#8220; btn_i_icon_fontawesome=&#8220;fas fa-arrow-right&#8220; css_animation=&#8220;left-to-right&#8220; use_custom_fonts_h2=&#8220;true&#8220; use_custom_fonts_h4=&#8220;true&#8220; btn_add_icon=&#8220;true&#8220; h2_link=&#8220;url:https%3A%2F%2Fwww.fibf.de%2Fwordpress%2Fkontakt%2F|title:Kontakt||&#8220; btn_link=&#8220;url:https%3A%2F%2Fwww.fibf.de%2Fwordpress%2Fkontakt%2F|title:Kontakt||&#8220;]<span style=\"font-size: 18px;\"><span style=\"font-size: 16px;\"><span style=\"font-size: 14px;\">Dann sollten Sie keinesfalls z\u00f6gern und uns am Besten noch heute kontaktieren. Wir werden uns umgehend bei Ihnen melden, um eine auf Sie zugeschnittene L\u00f6sung zu finden.<\/span><\/span><\/span><span style=\"font-size: 18px; font-family: Open Sans;\"><br \/>\n<\/span>[\/vc_cta][\/vc_column][\/vc_row][vc_row][vc_column]<style>.vcex-image.vcex_69e20b28e2ad7 .vcex-image-img{height:100px;}<\/style><figure class=\"vcex-image vcex-module wpex-text-center vcex_69e20b28e2ad7\"><div class=\"vcex-image-inner wpex-relative wpex-inline-block\"><img width=\"272\" height=\"268\" src=\"https:\/\/www.fibf.de\/wordpress\/wp-content\/uploads\/2025\/11\/FmH_Logo_2025.png\" class=\"vcex-image-img wpex-align-middle wpex-object-scale-down skip-lazy\" alt=\"\" data-no-lazy=\"1\" \/><\/div><\/figure>[\/vc_column][\/vc_row]\n<\/div>","protected":false},"excerpt":{"rendered":"<p>[vc_row][vc_column][rev_slider_vc alias=&#8220;home&#8220;][\/vc_column][\/vc_row][vc_row][vc_column width=&#8220;1\/3&#8243;][vc_single_image image=&#8220;218&#8243; img_size=&#8220;&#8220; alignment=&#8220;center&#8220; onclick=&#8220;custom_link&#8220; img_hover=&#8220;shrink&#8220; link=&#8220;https:\/\/www.fibf.de\/wordpress\/leistungen\/&#8220;][vc_column_text] Unser Leistungskatalog setzt sich aus den \u00fcblichen T\u00e4tigkeiten der Finanzbuchhaltung*, der laufenden Lohnbuchhaltung und weiterer kaufm\u00e4nnischer Dienstleistungen zusammen. Steuerliche Beratungsleistungen werden nicht angeboten. Eine genaue Auflistung finden Sie auf unserer Leistungs\u00fcbersicht.[\/vc_column_text][\/vc_column][vc_column width=&#8220;1\/3&#8243;][vc_single_image image=&#8220;262&#8243; img_size=&#8220;&#8220; alignment=&#8220;center&#8220; onclick=&#8220;custom_link&#8220; img_hover=&#8220;shrink&#8220; link=&#8220;https:\/\/www.fibf.de\/wordpress\/ueber-mich\/&#8220;][vc_column_text]Die Leitung der FiBF GmbH wurde an Frau Bettina&hellip;<\/p>\n","protected":false},"author":2,"featured_media":0,"parent":0,"menu_order":0,"comment_status":"closed","ping_status":"closed","template":"","meta":{"footnotes":""},"class_list":["post-9","page","type-page","status-publish","hentry","entry","no-media"],"yoast_head":"<!-- This site is optimized with the Yoast SEO plugin v27.4 - https:\/\/yoast.com\/product\/yoast-seo-wordpress\/ -->\n<title>Home - FiBF GmbH<\/title>\n<meta name=\"description\" content=\"Herzlich Willkommen bei Finanzbuchhaltung* Bettina W\u00f6lfel, die Finanzbuchhaltung* ist f\u00fcr ein Unternehmen das entscheidende Instrument um wirtschaftlich und finanziell sinnvolle Investitionen oder Umstrukturierungen zu planen und zu realisieren. Als selbst\u00e4ndige Bilanzbuchhalterin (IHK) kann ich Sie dabei tatkr\u00e4ftig unterst\u00fctzen. Besuchen Sie noch heute meine Webseite. *Buchen laufender Gesch\u00e4ftsvorf\u00e4lle\" \/>\n<meta name=\"robots\" content=\"index, follow, max-snippet:-1, max-image-preview:large, max-video-preview:-1\" \/>\n<link rel=\"canonical\" href=\"https:\/\/www.fibf.de\/wordpress\/\" \/>\n<meta property=\"og:locale\" content=\"de_DE\" \/>\n<meta property=\"og:type\" content=\"article\" \/>\n<meta property=\"og:title\" content=\"Home - FiBF GmbH\" \/>\n<meta property=\"og:description\" content=\"Herzlich Willkommen bei Finanzbuchhaltung* Bettina W\u00f6lfel, die Finanzbuchhaltung* ist f\u00fcr ein Unternehmen das entscheidende Instrument um wirtschaftlich und finanziell sinnvolle Investitionen oder Umstrukturierungen zu planen und zu realisieren. Als selbst\u00e4ndige Bilanzbuchhalterin (IHK) kann ich Sie dabei tatkr\u00e4ftig unterst\u00fctzen. Besuchen Sie noch heute meine Webseite. *Buchen laufender Gesch\u00e4ftsvorf\u00e4lle\" \/>\n<meta property=\"og:url\" content=\"https:\/\/www.fibf.de\/wordpress\/\" \/>\n<meta property=\"og:site_name\" content=\"FiBF GmbH\" \/>\n<meta property=\"article:modified_time\" content=\"2025-11-16T10:59:48+00:00\" \/>\n<meta name=\"twitter:card\" content=\"summary_large_image\" \/>\n<meta name=\"twitter:label1\" content=\"Gesch\u00e4tzte Lesezeit\" \/>\n\t<meta name=\"twitter:data1\" content=\"3\u00a0Minuten\" \/>\n<script type=\"application\/ld+json\" class=\"yoast-schema-graph\">{\"@context\":\"https:\\\/\\\/schema.org\",\"@graph\":[{\"@type\":\"WebPage\",\"@id\":\"https:\\\/\\\/www.fibf.de\\\/wordpress\\\/\",\"url\":\"https:\\\/\\\/www.fibf.de\\\/wordpress\\\/\",\"name\":\"Home - FiBF GmbH\",\"isPartOf\":{\"@id\":\"https:\\\/\\\/www.fibf.de\\\/wordpress\\\/#website\"},\"datePublished\":\"2016-04-15T14:36:15+00:00\",\"dateModified\":\"2025-11-16T10:59:48+00:00\",\"description\":\"Herzlich Willkommen bei Finanzbuchhaltung* Bettina W\u00f6lfel, die Finanzbuchhaltung* ist f\u00fcr ein Unternehmen das entscheidende Instrument um wirtschaftlich und finanziell sinnvolle Investitionen oder Umstrukturierungen zu planen und zu realisieren. Als selbst\u00e4ndige Bilanzbuchhalterin (IHK) kann ich Sie dabei tatkr\u00e4ftig unterst\u00fctzen. Besuchen Sie noch heute meine Webseite. *Buchen laufender Gesch\u00e4ftsvorf\u00e4lle\",\"breadcrumb\":{\"@id\":\"https:\\\/\\\/www.fibf.de\\\/wordpress\\\/#breadcrumb\"},\"inLanguage\":\"de\",\"potentialAction\":[{\"@type\":\"ReadAction\",\"target\":[\"https:\\\/\\\/www.fibf.de\\\/wordpress\\\/\"]}]},{\"@type\":\"BreadcrumbList\",\"@id\":\"https:\\\/\\\/www.fibf.de\\\/wordpress\\\/#breadcrumb\",\"itemListElement\":[{\"@type\":\"ListItem\",\"position\":1,\"name\":\"Startseite\",\"item\":\"https:\\\/\\\/www.fibf.de\\\/wordpress\\\/\"},{\"@type\":\"ListItem\",\"position\":2,\"name\":\"Home\"}]},{\"@type\":\"WebSite\",\"@id\":\"https:\\\/\\\/www.fibf.de\\\/wordpress\\\/#website\",\"url\":\"https:\\\/\\\/www.fibf.de\\\/wordpress\\\/\",\"name\":\"FiBF GmbH\",\"description\":\"Ihr kompetenter Buchhaltungs- und Finanzservice*.\",\"publisher\":{\"@id\":\"https:\\\/\\\/www.fibf.de\\\/wordpress\\\/#organization\"},\"potentialAction\":[{\"@type\":\"SearchAction\",\"target\":{\"@type\":\"EntryPoint\",\"urlTemplate\":\"https:\\\/\\\/www.fibf.de\\\/wordpress\\\/?s={search_term_string}\"},\"query-input\":{\"@type\":\"PropertyValueSpecification\",\"valueRequired\":true,\"valueName\":\"search_term_string\"}}],\"inLanguage\":\"de\"},{\"@type\":\"Organization\",\"@id\":\"https:\\\/\\\/www.fibf.de\\\/wordpress\\\/#organization\",\"name\":\"FiBF GmbH\",\"url\":\"https:\\\/\\\/www.fibf.de\\\/wordpress\\\/\",\"logo\":{\"@type\":\"ImageObject\",\"inLanguage\":\"de\",\"@id\":\"https:\\\/\\\/www.fibf.de\\\/wordpress\\\/#\\\/schema\\\/logo\\\/image\\\/\",\"url\":\"https:\\\/\\\/www.fibf.de\\\/wordpress\\\/wp-content\\\/uploads\\\/2018\\\/05\\\/Logo-FiBF-GmbH_150.png\",\"contentUrl\":\"https:\\\/\\\/www.fibf.de\\\/wordpress\\\/wp-content\\\/uploads\\\/2018\\\/05\\\/Logo-FiBF-GmbH_150.png\",\"width\":240,\"height\":150,\"caption\":\"FiBF GmbH\"},\"image\":{\"@id\":\"https:\\\/\\\/www.fibf.de\\\/wordpress\\\/#\\\/schema\\\/logo\\\/image\\\/\"}}]}<\/script>\n<!-- \/ Yoast SEO plugin. -->","yoast_head_json":{"title":"Home - FiBF GmbH","description":"Herzlich Willkommen bei Finanzbuchhaltung* Bettina W\u00f6lfel, die Finanzbuchhaltung* ist f\u00fcr ein Unternehmen das entscheidende Instrument um wirtschaftlich und finanziell sinnvolle Investitionen oder Umstrukturierungen zu planen und zu realisieren. Als selbst\u00e4ndige Bilanzbuchhalterin (IHK) kann ich Sie dabei tatkr\u00e4ftig unterst\u00fctzen. Besuchen Sie noch heute meine Webseite. *Buchen laufender Gesch\u00e4ftsvorf\u00e4lle","robots":{"index":"index","follow":"follow","max-snippet":"max-snippet:-1","max-image-preview":"max-image-preview:large","max-video-preview":"max-video-preview:-1"},"canonical":"https:\/\/www.fibf.de\/wordpress\/","og_locale":"de_DE","og_type":"article","og_title":"Home - FiBF GmbH","og_description":"Herzlich Willkommen bei Finanzbuchhaltung* Bettina W\u00f6lfel, die Finanzbuchhaltung* ist f\u00fcr ein Unternehmen das entscheidende Instrument um wirtschaftlich und finanziell sinnvolle Investitionen oder Umstrukturierungen zu planen und zu realisieren. Als selbst\u00e4ndige Bilanzbuchhalterin (IHK) kann ich Sie dabei tatkr\u00e4ftig unterst\u00fctzen. Besuchen Sie noch heute meine Webseite. *Buchen laufender Gesch\u00e4ftsvorf\u00e4lle","og_url":"https:\/\/www.fibf.de\/wordpress\/","og_site_name":"FiBF GmbH","article_modified_time":"2025-11-16T10:59:48+00:00","twitter_card":"summary_large_image","twitter_misc":{"Gesch\u00e4tzte Lesezeit":"3\u00a0Minuten"},"schema":{"@context":"https:\/\/schema.org","@graph":[{"@type":"WebPage","@id":"https:\/\/www.fibf.de\/wordpress\/","url":"https:\/\/www.fibf.de\/wordpress\/","name":"Home - FiBF GmbH","isPartOf":{"@id":"https:\/\/www.fibf.de\/wordpress\/#website"},"datePublished":"2016-04-15T14:36:15+00:00","dateModified":"2025-11-16T10:59:48+00:00","description":"Herzlich Willkommen bei Finanzbuchhaltung* Bettina W\u00f6lfel, die Finanzbuchhaltung* ist f\u00fcr ein Unternehmen das entscheidende Instrument um wirtschaftlich und finanziell sinnvolle Investitionen oder Umstrukturierungen zu planen und zu realisieren. Als selbst\u00e4ndige Bilanzbuchhalterin (IHK) kann ich Sie dabei tatkr\u00e4ftig unterst\u00fctzen. Besuchen Sie noch heute meine Webseite. *Buchen laufender Gesch\u00e4ftsvorf\u00e4lle","breadcrumb":{"@id":"https:\/\/www.fibf.de\/wordpress\/#breadcrumb"},"inLanguage":"de","potentialAction":[{"@type":"ReadAction","target":["https:\/\/www.fibf.de\/wordpress\/"]}]},{"@type":"BreadcrumbList","@id":"https:\/\/www.fibf.de\/wordpress\/#breadcrumb","itemListElement":[{"@type":"ListItem","position":1,"name":"Startseite","item":"https:\/\/www.fibf.de\/wordpress\/"},{"@type":"ListItem","position":2,"name":"Home"}]},{"@type":"WebSite","@id":"https:\/\/www.fibf.de\/wordpress\/#website","url":"https:\/\/www.fibf.de\/wordpress\/","name":"FiBF GmbH","description":"Ihr kompetenter Buchhaltungs- und Finanzservice*.","publisher":{"@id":"https:\/\/www.fibf.de\/wordpress\/#organization"},"potentialAction":[{"@type":"SearchAction","target":{"@type":"EntryPoint","urlTemplate":"https:\/\/www.fibf.de\/wordpress\/?s={search_term_string}"},"query-input":{"@type":"PropertyValueSpecification","valueRequired":true,"valueName":"search_term_string"}}],"inLanguage":"de"},{"@type":"Organization","@id":"https:\/\/www.fibf.de\/wordpress\/#organization","name":"FiBF GmbH","url":"https:\/\/www.fibf.de\/wordpress\/","logo":{"@type":"ImageObject","inLanguage":"de","@id":"https:\/\/www.fibf.de\/wordpress\/#\/schema\/logo\/image\/","url":"https:\/\/www.fibf.de\/wordpress\/wp-content\/uploads\/2018\/05\/Logo-FiBF-GmbH_150.png","contentUrl":"https:\/\/www.fibf.de\/wordpress\/wp-content\/uploads\/2018\/05\/Logo-FiBF-GmbH_150.png","width":240,"height":150,"caption":"FiBF GmbH"},"image":{"@id":"https:\/\/www.fibf.de\/wordpress\/#\/schema\/logo\/image\/"}}]}},"_links":{"self":[{"href":"https:\/\/www.fibf.de\/wordpress\/wp-json\/wp\/v2\/pages\/9","targetHints":{"allow":["GET"]}}],"collection":[{"href":"https:\/\/www.fibf.de\/wordpress\/wp-json\/wp\/v2\/pages"}],"about":[{"href":"https:\/\/www.fibf.de\/wordpress\/wp-json\/wp\/v2\/types\/page"}],"author":[{"embeddable":true,"href":"https:\/\/www.fibf.de\/wordpress\/wp-json\/wp\/v2\/users\/2"}],"replies":[{"embeddable":true,"href":"https:\/\/www.fibf.de\/wordpress\/wp-json\/wp\/v2\/comments?post=9"}],"version-history":[{"count":105,"href":"https:\/\/www.fibf.de\/wordpress\/wp-json\/wp\/v2\/pages\/9\/revisions"}],"predecessor-version":[{"id":721,"href":"https:\/\/www.fibf.de\/wordpress\/wp-json\/wp\/v2\/pages\/9\/revisions\/721"}],"wp:attachment":[{"href":"https:\/\/www.fibf.de\/wordpress\/wp-json\/wp\/v2\/media?parent=9"}],"curies":[{"name":"wp","href":"https:\/\/api.w.org\/{rel}","templated":true}]}}